{"id":2166,"date":"2023-06-09T19:37:40","date_gmt":"2023-06-09T19:37:40","guid":{"rendered":"https:\/\/www.catontable.es\/?page_id=2166"},"modified":"2023-08-04T11:37:03","modified_gmt":"2023-08-04T11:37:03","slug":"cookies-policy","status":"publish","type":"page","link":"https:\/\/catontable.es\/en\/cookies-policy\/","title":{"rendered":"Cookies policy"},"content":{"rendered":"<div id=\"specialty-items\" class=\"fusion-container-anchor\"><div class=\"fusion-fullwidth fullwidth-box fusion-builder-row-1 fusion-flex-container nonhundred-percent-fullwidth non-hundred-percent-height-scrolling\" style=\"--awb-border-radius-top-left:0px;--awb-border-radius-top-right:0px;--awb-border-radius-bottom-right:0px;--awb-border-radius-bottom-left:0px;--awb-margin-top:100px;--awb-margin-bottom:93px;--awb-flex-wrap:wrap;\" ><div class=\"fusion-builder-row fusion-row fusion-flex-align-items-flex-start fusion-flex-content-wrap\" style=\"max-width:1393.6px;margin-left: calc(-4% \/ 2 );margin-right: calc(-4% \/ 2 );\"><div class=\"fusion-layout-column fusion_builder_column fusion-builder-column-0 fusion_builder_column_1_1 1_1 fusion-flex-column\" style=\"--awb-bg-size:cover;--awb-width-large:100%;--awb-margin-top-large:0px;--awb-spacing-right-large:1.92%;--awb-margin-bottom-large:20px;--awb-spacing-left-large:1.92%;--awb-width-medium:100%;--awb-order-medium:0;--awb-spacing-right-medium:1.92%;--awb-spacing-left-medium:1.92%;--awb-width-small:100%;--awb-order-small:0;--awb-spacing-right-small:1.92%;--awb-spacing-left-small:1.92%;\"><div class=\"fusion-column-wrapper fusion-column-has-shadow fusion-flex-justify-content-flex-start fusion-content-layout-column\"><div class=\"fusion-text fusion-text-1\"><h2><b>1. Definici\u00f3n y funci\u00f3n de las cookies<\/b><\/h2>\n<p>\u00bfQu\u00e9 son las cookies? Una cookie es un fichero que se descarga en su ordenador al acceder a determinadas p\u00e1ginas web. Las cookies permiten a una p\u00e1gina web, entre otras cosas, almacenar y recuperar informaci\u00f3n sobre los h\u00e1bitos de navegaci\u00f3n de un usuario o de su equipo y, dependiendo de la informaci\u00f3n que contengan y de la forma en que utilice su equipo, pueden utilizarse para reconocer al usuario.<\/p>\n<h2><b>2. \u00bfQu\u00e9 tipos de cookies utiliza esta p\u00e1gina web?<\/b><\/h2>\n<p>Cookies propias: Son aqu\u00e9llas que se env\u00edan al equipo terminal del usuario desde un equipo o dominio gestionado por el propio editor y desde el que se presta el servicio solicitado por el usuario.<\/p>\n<p>Cookies de sesi\u00f3n: Son un tipo de cookies dise\u00f1adas para recabar y almacenar datos mientras el usuario accede a una p\u00e1gina web.<\/p>\n<p>Cookies persistentes: Son un tipo de cookies en el que los datos siguen almacenados en el terminal y pueden ser accedidos y tratados durante un periodo definido por el responsable de la cookie, y que puede ir de unos minutos a varios a\u00f1os<\/p>\n<p>Cookies de an\u00e1lisis: Son aqu\u00e9llas que bien tratadas por nosotros o por terceros, nos permiten cuantificar el n\u00famero de usuarios y as\u00ed realizar la medici\u00f3n y an\u00e1lisis estad\u00edstico de la utilizaci\u00f3n que hacen los usuarios del servicio ofertado.<\/p>\n<h2><b>3. Revocaci\u00f3n y eliminaci\u00f3n de cookies<\/b><\/h2>\n<p>Usted puede permitir, bloquear o eliminar las cookies instaladas en su equipo mediante la configuraci\u00f3n de las opciones del navegador instalado en su ordenador, en caso que no permita la instalaci\u00f3n de cookies en su navegador es posible que no pueda acceder a alguna de las secciones de nuestra web.<\/p>\n<ul>\n<li>M\u00e1s informaci\u00f3n sobre como administrar las cookies en<a href=\"https:\/\/support.google.com\/chrome\/answer\/95647?co=GENIE.Platform%3DDesktop&amp;hl=es\" target=\"_blank\" rel=\"noopener\">&nbsp;Google Chrome<\/a><\/li>\n<li>M\u00e1s informaci\u00f3n sobre como administrar las cookies en<a href=\"https:\/\/support.microsoft.com\/es-es\/help\/17442\/windows-internet-explorer-delete-manage-cookies\" target=\"_blank\" rel=\"noopener\">&nbsp;Internet Explorer<\/a><\/li>\n<li>M\u00e1s informaci\u00f3n sobre como administrar las cookies en<a href=\"https:\/\/support.mozilla.org\/es\/kb\/cookies-informacion-que-los-sitios-web-guardan-en-\" target=\"_blank\" rel=\"noopener\">&nbsp;Mozilla Firefox<\/a><\/li>\n<li>M\u00e1s informaci\u00f3n sobre como administrar las cookies en<a href=\"https:\/\/support.apple.com\/es-es\/guide\/safari\/sfri11471\/mac\" target=\"_blank\" rel=\"noopener\">&nbsp;Safari<\/a><\/li>\n<li>M\u00e1s informaci\u00f3n sobre como administrar las cookies en<a href=\"https:\/\/help.opera.com\/en\/latest\/web-preferences\/\" target=\"_blank\" rel=\"noopener\">&nbsp;\u00d3pera<\/a><\/li>\n<\/ul>\n<h2><b>4. Consentimiento<\/b><\/h2>\n<p>Al navegar y continuar en nuestra web nos indicas que est\u00e1s consintiendo el uso de las cookies enunciadas en el siguiente apartado, y en las condiciones contenidas en la presente Pol\u00edtica de Cookies.<\/p>\n<h2><b>5. Listado de cookies<\/b><\/h2>\n<\/div><div class=\"fusion-text fusion-text-2\"><table width=\"100%\">\n<tbody>\n<tr>\n<td width=\"132\"><strong>Nombre<\/strong><\/td>\n<td width=\"198\"><strong>Finalidad<\/strong><\/td>\n<td width=\"85\"><strong>Propia \/ Terceros<\/strong><\/td>\n<td width=\"312\"><strong>Excluida \/ No Excluida (del deber de informaci\u00f3n y consentimiento)<\/strong><\/td>\n<\/tr>\n<tr>\n<td width=\"132\">__utma<\/td>\n<td width=\"198\">Cookies que utiliza google analytics para almacenar datos estad\u00edsticos. <a href=\"https:\/\/developers.google.com\/analytics\/devguides\/collection\/analyticsjs\/cookie-usage?hl=es#gajs\" data-et-has-event-already=\"true\" target=\"_blank\" rel=\"noopener\">M\u00e1s informaci\u00f3n<\/a><\/td>\n<td width=\"85\">Terceros Google Inc<\/td>\n<td width=\"312\">No excluida<\/td>\n<\/tr>\n<tr>\n<td width=\"132\">__utmb<\/td>\n<td width=\"198\">Cookies que utiliza google analytics para almacenar datos estad\u00edsticos. <a href=\"https:\/\/developers.google.com\/analytics\/devguides\/collection\/analyticsjs\/cookie-usage?hl=es#gajs\" data-et-has-event-already=\"true\" target=\"_blank\" rel=\"noopener\">M\u00e1s informaci\u00f3n<\/a><\/td>\n<td width=\"85\">Terceros Google Inc<\/td>\n<td width=\"312\">No excluida<\/td>\n<\/tr>\n<tr>\n<td width=\"132\">__utmc<\/td>\n<td width=\"198\">Cookies que utiliza google analytics para almacenar datos estad\u00edsticos. <a href=\"https:\/\/developers.google.com\/analytics\/devguides\/collection\/analyticsjs\/cookie-usage?hl=es#gajs\" data-et-has-event-already=\"true\" target=\"_blank\" rel=\"noopener\">M\u00e1s informaci\u00f3n<\/a><\/td>\n<td width=\"85\">Terceros Google Inc<\/td>\n<td width=\"312\">No excluida<\/td>\n<\/tr>\n<tr>\n<td width=\"132\">__utmt<\/td>\n<td width=\"198\">Cookies que utiliza google analytics para almacenar datos estad\u00edsticos. <a href=\"https:\/\/developers.google.com\/analytics\/devguides\/collection\/analyticsjs\/cookie-usage?hl=es#gajs\" data-et-has-event-already=\"true\" target=\"_blank\" rel=\"noopener\">M\u00e1s informaci\u00f3n<\/a><\/td>\n<td width=\"85\">Terceros Google Inc<\/td>\n<td width=\"312\">No excluida<\/td>\n<\/tr>\n<tr>\n<td width=\"132\">__utmz<\/td>\n<td width=\"198\">Cookies que utiliza google analytics para almacenar datos estad\u00edsticos. <a href=\"https:\/\/developers.google.com\/analytics\/devguides\/collection\/analyticsjs\/cookie-usage?hl=es#gajs\" data-et-has-event-already=\"true\" target=\"_blank\" rel=\"noopener\">M\u00e1s informaci\u00f3n<\/a><\/td>\n<td width=\"85\">Terceros Google Inc<\/td>\n<td width=\"312\">No excluida<\/td>\n<\/tr>\n<tr>\n<td width=\"132\">Cookie_notice_accepted<\/td>\n<td width=\"198\">Esta cookie recuerda si se ha aceptado el mensaje de aviso sobre cookies para dejar de mostrarlo durante el tiempo en que est\u00e9 activa.<\/td>\n<td width=\"85\">Propia<\/td>\n<td width=\"312\">Necesaria<\/td>\n<\/tr>\n<tr>\n<td width=\"132\">et-saved-post-241-fb<\/td>\n<td width=\"198\">Cookies que utiliza Facebook para almacenar datos estad\u00edsticos. <a href=\"https:\/\/developers.google.com\/analytics\/devguides\/collection\/analyticsjs\/cookie-usage?hl=es#gajs\" data-et-has-event-already=\"true\" target=\"_blank\" rel=\"noopener\">M\u00e1s informaci\u00f3n<\/a><\/td>\n<td width=\"85\">Facebook<\/td>\n<td width=\"312\">No excluida<\/td>\n<\/tr>\n<tr>\n<td width=\"132\">woocommerce_cart_hash<\/td>\n<td width=\"198\">Ayuda a WooCommerce a determinar cu\u00e1ndo cambian los contenidos \/ datos del carrito.<\/td>\n<td width=\"85\">Sesi\u00f3n<\/td>\n<td width=\"312\">Necesaria<\/td>\n<\/tr>\n<tr>\n<td width=\"132\">woocommerce_items_in_cart<\/td>\n<td width=\"198\">Ayuda a WooCommerce a determinar cu\u00e1ndo cambian los contenidos \/ datos del carrito.<\/td>\n<td width=\"85\">Sesi\u00f3n<\/td>\n<td width=\"312\">Necesaria<\/td>\n<\/tr>\n<tr>\n<td width=\"132\">wp_woocommerce_session_<\/td>\n<td width=\"198\">Contiene un c\u00f3digo \u00fanico para cada cliente para que sepa d\u00f3nde encontrar los datos del carrito en la base de datos para cada cliente.<\/td>\n<td width=\"85\">Sesi\u00f3n<\/td>\n<td width=\"312\">Necesaria<\/td>\n<\/tr>\n<tr>\n<td width=\"132\">woocommerce_recently_viewed<\/td>\n<td width=\"198\">Alimenta el widget <a href=\"https:\/\/docs.woocommerce.com\/document\/woocommerce-widgets\/\" target=\"_blank\" rel=\"noopener\"><strong>Productos vistos recientes<\/strong><\/a> .<\/td>\n<td width=\"85\">Sesi\u00f3n<\/td>\n<td width=\"312\">Necesaria<\/td>\n<\/tr>\n<tr>\n<td width=\"132\">store_notice[notice id]<\/td>\n<td width=\"198\">Permite a los clientes descartar el <a href=\"https:\/\/docs.woocommerce.com\/document\/woocommerce-customizer\/#section-2\" data-et-has-event-already=\"true\" target=\"_blank\" rel=\"noopener\"><strong>aviso de<\/strong><\/a> la <a href=\"https:\/\/docs.woocommerce.com\/document\/woocommerce-customizer\/#section-2\" data-et-has-event-already=\"true\" target=\"_blank\" rel=\"noopener\"><strong>tienda<\/strong><\/a><\/td>\n<td width=\"85\">Sesi\u00f3n<\/td>\n<td width=\"312\">Necesaria<\/td>\n<\/tr>\n<tr>\n<td width=\"132\">woodmart_compare_list<\/td>\n<td width=\"198\">Herramienta de comparaci\u00f3n para comparar productos<\/td>\n<td width=\"85\">Sesi\u00f3n<\/td>\n<td width=\"312\">Funcionalidad<\/td>\n<\/tr>\n<tr>\n<td width=\"132\">woodmart_cookies_1<\/td>\n<td width=\"198\">El usuario puede elegir cerrar el banner de las cookies<\/td>\n<td width=\"85\">Sesi\u00f3n (2 meses)<\/td>\n<td width=\"312\">Necesaria<\/td>\n<\/tr>\n<tr>\n<td width=\"132\">woodmart_cookies<\/td>\n<td width=\"198\">El usuario puede elegir cerrar el banner emergente de publicidad<\/td>\n<td width=\"85\">Sesi\u00f3n<\/td>\n<td width=\"312\">Necesaria<\/td>\n<\/tr>\n<\/tbody>\n<\/table>\n<p>&nbsp;<\/p>\n<\/div><\/div><\/div><\/div><\/div><\/div>\n","protected":false},"excerpt":{"rendered":"","protected":false},"author":2,"featured_media":0,"parent":0,"menu_order":0,"comment_status":"closed","ping_status":"closed","template":"100-width.php","meta":{"_joinchat":[],"footnotes":""},"class_list":["post-2166","page","type-page","status-publish","hentry"],"_links":{"self":[{"href":"https:\/\/catontable.es\/en\/wp-json\/wp\/v2\/pages\/2166","targetHints":{"allow":["GET"]}}],"collection":[{"href":"https:\/\/catontable.es\/en\/wp-json\/wp\/v2\/pages"}],"about":[{"href":"https:\/\/catontable.es\/en\/wp-json\/wp\/v2\/types\/page"}],"author":[{"embeddable":true,"href":"https:\/\/catontable.es\/en\/wp-json\/wp\/v2\/users\/2"}],"replies":[{"embeddable":true,"href":"https:\/\/catontable.es\/en\/wp-json\/wp\/v2\/comments?post=2166"}],"version-history":[{"count":2,"href":"https:\/\/catontable.es\/en\/wp-json\/wp\/v2\/pages\/2166\/revisions"}],"predecessor-version":[{"id":2547,"href":"https:\/\/catontable.es\/en\/wp-json\/wp\/v2\/pages\/2166\/revisions\/2547"}],"wp:attachment":[{"href":"https:\/\/catontable.es\/en\/wp-json\/wp\/v2\/media?parent=2166"}],"curies":[{"name":"wp","href":"https:\/\/api.w.org\/{rel}","templated":true}]}}